{"id":50,"date":"2026-04-10T19:57:31","date_gmt":"2026-04-10T19:57:31","guid":{"rendered":"http:\/\/deherencia.mx\/?page_id=50"},"modified":"2026-04-16T20:46:38","modified_gmt":"2026-04-16T20:46:38","slug":"home-2","status":"publish","type":"page","link":"http:\/\/deherencia.mx\/","title":{"rendered":"Home"},"content":{"rendered":"\t\t<div data-elementor-type=\"wp-page\" data-elementor-id=\"50\" class=\"elementor elementor-50\">\n\t\t\t\t<div class=\"elementor-element elementor-element-c38d5be e-flex e-con-boxed e-con e-parent\" data-id=\"c38d5be\" data-element_type=\"container\" data-e-type=\"container\">\n\t\t\t\t\t<div class=\"e-con-inner\">\n\t\t\t\t<div class=\"elementor-element elementor-element-9d50b69 elementor-widget elementor-widget-spacer\" data-id=\"9d50b69\" data-element_type=\"widget\" data-e-type=\"widget\" data-widget_type=\"spacer.default\">\n\t\t\t\t\t\t\t<div class=\"elementor-spacer\">\n\t\t\t<div class=\"elementor-spacer-inner\"><\/div>\n\t\t<\/div>\n\t\t\t\t\t\t<\/div>\n\t\t\t\t<div class=\"elementor-element elementor-element-13271da animated-slow elementor-invisible elementor-widget elementor-widget-image\" data-id=\"13271da\" data-element_type=\"widget\" data-e-type=\"widget\" data-settings=\"{&quot;_animation&quot;:&quot;fadeInDown&quot;}\" data-widget_type=\"image.default\">\n\t\t\t\t\t\t\t\t\t\t\t\t\t\t\t<img decoding=\"async\" width=\"217\" height=\"189\" src=\"http:\/\/deherencia.mx\/wp-content\/uploads\/2026\/04\/De-Herencia-Logo.png\" class=\"attachment-large size-large wp-image-177\" alt=\"\" sizes=\"100vw\" \/>\t\t\t\t\t\t\t\t\t\t\t\t\t\t\t<\/div>\n\t\t\t\t<div class=\"elementor-element elementor-element-5f04734 elementor-widget elementor-widget-heading\" data-id=\"5f04734\" data-element_type=\"widget\" data-e-type=\"widget\" data-widget_type=\"heading.default\">\n\t\t\t\t\t<h2 class=\"elementor-heading-title elementor-size-default\">SAN JUAN DEL R\u00cdO, QUER\u00c9TARO.<\/h2>\t\t\t\t<\/div>\n\t\t\t\t<div class=\"elementor-element elementor-element-3bf2094 elementor-widget elementor-widget-heading\" data-id=\"3bf2094\" data-element_type=\"widget\" data-e-type=\"widget\" data-widget_type=\"heading.default\">\n\t\t\t\t\t<h1 class=\"elementor-heading-title elementor-size-default\">El distribuidor de Productos<br>Agr\u00edcolas para Negocios.<\/h1>\t\t\t\t<\/div>\n\t\t\t\t<div class=\"elementor-element elementor-element-675ce76 elementor-widget elementor-widget-heading\" data-id=\"675ce76\" data-element_type=\"widget\" data-e-type=\"widget\" data-widget_type=\"heading.default\">\n\t\t\t\t\t<h2 class=\"elementor-heading-title elementor-size-default\"><span lang=\"ES\">Somos una empresa dedicada a la comercializaci\u00f3n de productos agr\u00edcolas de la m\u00e1s alta calidad, especializada en<br>la compra y venta de granos, semillas, chiles secos, frutos secos y otros productos esenciales para negocios.<\/span><\/h2>\t\t\t\t<\/div>\n\t\t\t\t<div class=\"elementor-element elementor-element-9b21ec3 elementor-widget elementor-widget-spacer\" data-id=\"9b21ec3\" data-element_type=\"widget\" data-e-type=\"widget\" data-widget_type=\"spacer.default\">\n\t\t\t\t\t\t\t<div class=\"elementor-spacer\">\n\t\t\t<div class=\"elementor-spacer-inner\"><\/div>\n\t\t<\/div>\n\t\t\t\t\t\t<\/div>\n\t\t\t\t\t<\/div>\n\t\t\t\t<\/div>\n\t\t<div class=\"elementor-element elementor-element-3ed20af e-flex e-con-boxed e-con e-parent\" data-id=\"3ed20af\" data-element_type=\"container\" data-e-type=\"container\">\n\t\t\t\t\t<div class=\"e-con-inner\">\n\t\t\t\t<div class=\"elementor-element elementor-element-2600d33 animated-slow elementor-invisible elementor-widget elementor-widget-image\" data-id=\"2600d33\" data-element_type=\"widget\" data-e-type=\"widget\" data-settings=\"{&quot;_animation&quot;:&quot;fadeIn&quot;}\" data-widget_type=\"image.default\">\n\t\t\t\t\t\t\t\t\t\t\t\t\t\t\t<img decoding=\"async\" width=\"143\" height=\"194\" src=\"http:\/\/deherencia.mx\/wp-content\/uploads\/2026\/04\/Trigo-De-Herencia.png\" class=\"attachment-medium size-medium wp-image-132\" alt=\"\" sizes=\"100vw\" \/>\t\t\t\t\t\t\t\t\t\t\t\t\t\t\t<\/div>\n\t\t\t\t\t<\/div>\n\t\t\t\t<\/div>\n\t\t<div class=\"elementor-element elementor-element-66b8f58 e-flex e-con-boxed e-con e-parent\" data-id=\"66b8f58\" data-element_type=\"container\" data-e-type=\"container\">\n\t\t\t\t\t<div class=\"e-con-inner\">\n\t\t<div class=\"elementor-element elementor-element-5c66e0b e-con-full e-flex e-con e-child\" data-id=\"5c66e0b\" data-element_type=\"container\" data-e-type=\"container\">\n\t\t\t\t<div class=\"elementor-element elementor-element-4c46994 elementor-invisible elementor-widget elementor-widget-image\" data-id=\"4c46994\" data-element_type=\"widget\" data-e-type=\"widget\" data-settings=\"{&quot;_animation&quot;:&quot;slideInLeft&quot;}\" data-widget_type=\"image.default\">\n\t\t\t\t\t\t\t\t\t\t\t\t\t\t\t<img fetchpriority=\"high\" decoding=\"async\" width=\"350\" height=\"350\" src=\"http:\/\/deherencia.mx\/wp-content\/uploads\/2026\/04\/Maiz.jpg\" class=\"attachment-large size-large wp-image-111\" alt=\"De Herencia\" srcset=\"http:\/\/deherencia.mx\/wp-content\/uploads\/2026\/04\/Maiz.jpg 350w, http:\/\/deherencia.mx\/wp-content\/uploads\/2026\/04\/Maiz-300x300.jpg 300w, http:\/\/deherencia.mx\/wp-content\/uploads\/2026\/04\/Maiz-150x150.jpg 150w, http:\/\/deherencia.mx\/wp-content\/uploads\/2026\/04\/Maiz-120x120.jpg 120w, http:\/\/deherencia.mx\/wp-content\/uploads\/2026\/04\/Maiz-75x75.jpg 75w\" sizes=\"100vw\" \/>\t\t\t\t\t\t\t\t\t\t\t\t\t\t\t<\/div>\n\t\t\t\t<\/div>\n\t\t<div class=\"elementor-element elementor-element-4eb9c6a e-con-full e-flex e-con e-child\" data-id=\"4eb9c6a\" data-element_type=\"container\" data-e-type=\"container\">\n\t\t\t\t<div class=\"elementor-element elementor-element-e9fcae2 elementor-invisible elementor-widget elementor-widget-image\" data-id=\"e9fcae2\" data-element_type=\"widget\" data-e-type=\"widget\" data-settings=\"{&quot;_animation&quot;:&quot;slideInLeft&quot;}\" data-widget_type=\"image.default\">\n\t\t\t\t\t\t\t\t\t\t\t\t\t\t\t<img loading=\"lazy\" decoding=\"async\" width=\"350\" height=\"350\" src=\"http:\/\/deherencia.mx\/wp-content\/uploads\/2026\/04\/Frijol.jpg\" class=\"attachment-large size-large wp-image-165\" alt=\"\" srcset=\"http:\/\/deherencia.mx\/wp-content\/uploads\/2026\/04\/Frijol.jpg 350w, http:\/\/deherencia.mx\/wp-content\/uploads\/2026\/04\/Frijol-300x300.jpg 300w, http:\/\/deherencia.mx\/wp-content\/uploads\/2026\/04\/Frijol-150x150.jpg 150w, http:\/\/deherencia.mx\/wp-content\/uploads\/2026\/04\/Frijol-75x75.jpg 75w\" sizes=\"100vw\" \/>\t\t\t\t\t\t\t\t\t\t\t\t\t\t\t<\/div>\n\t\t\t\t<\/div>\n\t\t<div class=\"elementor-element elementor-element-953fd43 e-con-full e-flex e-con e-child\" data-id=\"953fd43\" data-element_type=\"container\" data-e-type=\"container\">\n\t\t\t\t<div class=\"elementor-element elementor-element-f5e1aa8 elementor-invisible elementor-widget elementor-widget-image\" data-id=\"f5e1aa8\" data-element_type=\"widget\" data-e-type=\"widget\" data-settings=\"{&quot;_animation&quot;:&quot;slideInRight&quot;}\" data-widget_type=\"image.default\">\n\t\t\t\t\t\t\t\t\t\t\t\t\t\t\t<img loading=\"lazy\" decoding=\"async\" width=\"350\" height=\"350\" src=\"http:\/\/deherencia.mx\/wp-content\/uploads\/2026\/04\/Frutos-Secos.jpg\" class=\"attachment-large size-large wp-image-164\" alt=\"\" srcset=\"http:\/\/deherencia.mx\/wp-content\/uploads\/2026\/04\/Frutos-Secos.jpg 350w, http:\/\/deherencia.mx\/wp-content\/uploads\/2026\/04\/Frutos-Secos-300x300.jpg 300w, http:\/\/deherencia.mx\/wp-content\/uploads\/2026\/04\/Frutos-Secos-150x150.jpg 150w, http:\/\/deherencia.mx\/wp-content\/uploads\/2026\/04\/Frutos-Secos-75x75.jpg 75w\" sizes=\"100vw\" \/>\t\t\t\t\t\t\t\t\t\t\t\t\t\t\t<\/div>\n\t\t\t\t<\/div>\n\t\t<div class=\"elementor-element elementor-element-e284316 e-con-full e-flex e-con e-child\" data-id=\"e284316\" data-element_type=\"container\" data-e-type=\"container\">\n\t\t\t\t<div class=\"elementor-element elementor-element-3fa00c2 elementor-invisible elementor-widget elementor-widget-image\" data-id=\"3fa00c2\" data-element_type=\"widget\" data-e-type=\"widget\" data-settings=\"{&quot;_animation&quot;:&quot;slideInRight&quot;}\" data-widget_type=\"image.default\">\n\t\t\t\t\t\t\t\t\t\t\t\t\t\t\t<img loading=\"lazy\" decoding=\"async\" width=\"350\" height=\"350\" src=\"http:\/\/deherencia.mx\/wp-content\/uploads\/2026\/04\/Chiles.jpg\" class=\"attachment-large size-large wp-image-163\" alt=\"\" srcset=\"http:\/\/deherencia.mx\/wp-content\/uploads\/2026\/04\/Chiles.jpg 350w, http:\/\/deherencia.mx\/wp-content\/uploads\/2026\/04\/Chiles-300x300.jpg 300w, http:\/\/deherencia.mx\/wp-content\/uploads\/2026\/04\/Chiles-150x150.jpg 150w, http:\/\/deherencia.mx\/wp-content\/uploads\/2026\/04\/Chiles-75x75.jpg 75w\" sizes=\"100vw\" \/>\t\t\t\t\t\t\t\t\t\t\t\t\t\t\t<\/div>\n\t\t\t\t<\/div>\n\t\t\t\t\t<\/div>\n\t\t\t\t<\/div>\n\t\t<div class=\"elementor-element elementor-element-c7acd0b e-flex e-con-boxed e-con e-parent\" data-id=\"c7acd0b\" data-element_type=\"container\" data-e-type=\"container\">\n\t\t\t\t\t<div class=\"e-con-inner\">\n\t\t\t\t<div class=\"elementor-element elementor-element-8d97075 elementor-widget elementor-widget-spacer\" data-id=\"8d97075\" data-element_type=\"widget\" data-e-type=\"widget\" data-widget_type=\"spacer.default\">\n\t\t\t\t\t\t\t<div class=\"elementor-spacer\">\n\t\t\t<div class=\"elementor-spacer-inner\"><\/div>\n\t\t<\/div>\n\t\t\t\t\t\t<\/div>\n\t\t\t\t\t<\/div>\n\t\t\t\t<\/div>\n\t\t<div class=\"elementor-element elementor-element-c1d0b18 e-flex e-con-boxed e-con e-parent\" data-id=\"c1d0b18\" data-element_type=\"container\" data-e-type=\"container\">\n\t\t\t\t\t<div class=\"e-con-inner\">\n\t\t<div class=\"elementor-element elementor-element-ff05954 e-con-full e-flex e-con e-child\" data-id=\"ff05954\" data-element_type=\"container\" data-e-type=\"container\">\n\t\t\t\t<div class=\"elementor-element elementor-element-459e4ad elementor-widget elementor-widget-heading\" data-id=\"459e4ad\" data-element_type=\"widget\" data-e-type=\"widget\" data-widget_type=\"heading.default\">\n\t\t\t\t\t<h1 class=\"elementor-heading-title elementor-size-default\">Cuidamos que la experiencia de compra<br>sea segura, agradable y personalizada.<\/h1>\t\t\t\t<\/div>\n\t\t\t\t<\/div>\n\t\t\t\t<div class=\"elementor-element elementor-element-99e9be4 animated-slow elementor-invisible elementor-widget elementor-widget-text-editor\" data-id=\"99e9be4\" data-element_type=\"widget\" data-e-type=\"widget\" data-settings=\"{&quot;_animation&quot;:&quot;fadeIn&quot;}\" data-widget_type=\"text-editor.default\">\n\t\t\t\t\t\t\t\t\t<p><span lang=\"ES\">Frijol \u2022 Arroz \u2022 Chiles \u2022 Legumbres \u2022 Granos \u2022 Semillas \u2022 Cereales \u2022 Aceites \u2022 Frutos Secos<\/span><\/p><p><span lang=\"ES\">Especias \u2022 Canasta B\u00e1sica \u2022 Molidos \u2022 Alimento para Mascotas<\/span><\/p>\t\t\t\t\t\t\t\t<\/div>\n\t\t\t\t\t<\/div>\n\t\t\t\t<\/div>\n\t\t<div class=\"elementor-element elementor-element-156c026 e-flex e-con-boxed e-con e-parent\" data-id=\"156c026\" data-element_type=\"container\" data-e-type=\"container\">\n\t\t\t\t\t<div class=\"e-con-inner\">\n\t\t\t\t<div class=\"elementor-element elementor-element-03f6550 elementor-widget elementor-widget-spacer\" data-id=\"03f6550\" data-element_type=\"widget\" data-e-type=\"widget\" data-widget_type=\"spacer.default\">\n\t\t\t\t\t\t\t<div class=\"elementor-spacer\">\n\t\t\t<div class=\"elementor-spacer-inner\"><\/div>\n\t\t<\/div>\n\t\t\t\t\t\t<\/div>\n\t\t\t\t\t<\/div>\n\t\t\t\t<\/div>\n\t\t<div class=\"elementor-element elementor-element-ad7bcc8 e-flex e-con-boxed e-con e-parent\" data-id=\"ad7bcc8\" data-element_type=\"container\" data-e-type=\"container\">\n\t\t\t\t\t<div class=\"e-con-inner\">\n\t\t\t\t<div class=\"elementor-element elementor-element-44eb862 elementor-widget elementor-widget-spacer\" data-id=\"44eb862\" data-element_type=\"widget\" data-e-type=\"widget\" data-widget_type=\"spacer.default\">\n\t\t\t\t\t\t\t<div class=\"elementor-spacer\">\n\t\t\t<div class=\"elementor-spacer-inner\"><\/div>\n\t\t<\/div>\n\t\t\t\t\t\t<\/div>\n\t\t\t\t\t<\/div>\n\t\t\t\t<\/div>\n\t\t<div class=\"elementor-element elementor-element-c88be75 e-con-full animated-slow e-flex elementor-invisible e-con e-parent\" data-id=\"c88be75\" data-element_type=\"container\" data-e-type=\"container\" data-settings=\"{&quot;background_background&quot;:&quot;classic&quot;,&quot;animation&quot;:&quot;fadeIn&quot;}\">\n\t\t<div class=\"elementor-element elementor-element-a37e28b e-con-full e-flex e-con e-child\" data-id=\"a37e28b\" data-element_type=\"container\" data-e-type=\"container\" data-settings=\"{&quot;background_background&quot;:&quot;classic&quot;}\">\n\t\t\t\t<div class=\"elementor-element elementor-element-33a5fff animated-slow elementor-invisible elementor-widget elementor-widget-image\" data-id=\"33a5fff\" data-element_type=\"widget\" data-e-type=\"widget\" data-settings=\"{&quot;_animation&quot;:&quot;fadeIn&quot;}\" data-widget_type=\"image.default\">\n\t\t\t\t\t\t\t\t\t\t\t\t\t\t\t<img loading=\"lazy\" decoding=\"async\" width=\"633\" height=\"840\" src=\"http:\/\/deherencia.mx\/wp-content\/uploads\/2026\/04\/Cheff.jpg\" class=\"attachment-medium_large size-medium_large wp-image-229\" alt=\"\" srcset=\"http:\/\/deherencia.mx\/wp-content\/uploads\/2026\/04\/Cheff.jpg 633w, http:\/\/deherencia.mx\/wp-content\/uploads\/2026\/04\/Cheff-226x300.jpg 226w, http:\/\/deherencia.mx\/wp-content\/uploads\/2026\/04\/Cheff-370x491.jpg 370w\" sizes=\"100vw\" \/>\t\t\t\t\t\t\t\t\t\t\t\t\t\t\t<\/div>\n\t\t\t\t<\/div>\n\t\t<div class=\"elementor-element elementor-element-8631375 e-con-full e-flex e-con e-child\" data-id=\"8631375\" data-element_type=\"container\" data-e-type=\"container\">\n\t\t<div class=\"elementor-element elementor-element-b1ca9d9 e-con-full e-flex e-con e-child\" data-id=\"b1ca9d9\" data-element_type=\"container\" data-e-type=\"container\">\n\t\t\t\t<div class=\"elementor-element elementor-element-9c14e1b animated-slow elementor-invisible elementor-widget elementor-widget-heading\" data-id=\"9c14e1b\" data-element_type=\"widget\" data-e-type=\"widget\" data-settings=\"{&quot;_animation&quot;:&quot;fadeIn&quot;}\" data-widget_type=\"heading.default\">\n\t\t\t\t\t<h2 class=\"elementor-heading-title elementor-size-default\"><br>La mejor opci\u00f3n para negocios.<\/h2>\t\t\t\t<\/div>\n\t\t\t\t<\/div>\n\t\t<div class=\"elementor-element elementor-element-306136b e-con-full e-flex e-con e-child\" data-id=\"306136b\" data-element_type=\"container\" data-e-type=\"container\">\n\t\t\t\t<div class=\"elementor-element elementor-element-2aacc97 animated-slow elementor-invisible elementor-widget elementor-widget-heading\" data-id=\"2aacc97\" data-element_type=\"widget\" data-e-type=\"widget\" data-settings=\"{&quot;_animation&quot;:&quot;fadeIn&quot;}\" data-widget_type=\"heading.default\">\n\t\t\t\t\t<h3 class=\"elementor-heading-title elementor-size-default\">\u2022 Mejor costo por volumen<br>\u2022 Alta rotaci\u00f3n y frescura<br>\u2022 Variedad y especializaci\u00f3n<br>\u2022 Relaci\u00f3n directa con proveedores<br>\u2022 Disponibilidad inmediata<br>\u2022 Flexibilidad en compra<\/h3>\t\t\t\t<\/div>\n\t\t\t\t<div class=\"elementor-element elementor-element-e6223f7 animated-slow elementor-invisible elementor-widget elementor-widget-heading\" data-id=\"e6223f7\" data-element_type=\"widget\" data-e-type=\"widget\" data-settings=\"{&quot;_animation&quot;:&quot;fadeIn&quot;}\" data-widget_type=\"heading.default\">\n\t\t\t\t\t<h2 class=\"elementor-heading-title elementor-size-default\"><br>Alternativa perfecta para:<\/h2>\t\t\t\t<\/div>\n\t\t\t\t<\/div>\n\t\t<div class=\"elementor-element elementor-element-c793adb e-con-full e-flex e-con e-child\" data-id=\"c793adb\" data-element_type=\"container\" data-e-type=\"container\">\n\t\t\t\t<div class=\"elementor-element elementor-element-88c9f65 animated-slow elementor-invisible elementor-widget elementor-widget-text-editor\" data-id=\"88c9f65\" data-element_type=\"widget\" data-e-type=\"widget\" data-settings=\"{&quot;_animation&quot;:&quot;fadeIn&quot;}\" data-widget_type=\"text-editor.default\">\n\t\t\t\t\t\t\t\t\t<p>\u2022 Empresas de catering y banquetes<\/p>\n<p>\u2022 Cocinas industriales y comedores corporativos<\/p>\n<p>\u2022 Tiendas naturistas y de productos a granel<\/p>\n<p>\u2022 Negocios de snacks, botanas o preparados<\/p>\n<p>\u2022 Panader\u00edas y reposter\u00edas<\/p>\n<p>\u2022 Marcas de alimentos artesanales<\/p>\n<p>\u2022 Distribuidores y mayoristas independiente<\/p>\n<p>\u2022 Dark kitchens y food delivery entre otros<\/p>\t\t\t\t\t\t\t\t<\/div>\n\t\t\t\t<\/div>\n\t\t\t\t<\/div>\n\t\t\t\t<\/div>\n\t\t<div class=\"elementor-element elementor-element-e521df7 e-flex e-con-boxed e-con e-parent\" data-id=\"e521df7\" data-element_type=\"container\" data-e-type=\"container\">\n\t\t\t\t\t<div class=\"e-con-inner\">\n\t\t\t\t<div class=\"elementor-element elementor-element-0347409 elementor-widget elementor-widget-spacer\" data-id=\"0347409\" data-element_type=\"widget\" data-e-type=\"widget\" data-widget_type=\"spacer.default\">\n\t\t\t\t\t\t\t<div class=\"elementor-spacer\">\n\t\t\t<div class=\"elementor-spacer-inner\"><\/div>\n\t\t<\/div>\n\t\t\t\t\t\t<\/div>\n\t\t\t\t\t<\/div>\n\t\t\t\t<\/div>\n\t\t<div class=\"elementor-element elementor-element-97432c7 e-flex e-con-boxed e-con e-parent\" data-id=\"97432c7\" data-element_type=\"container\" data-e-type=\"container\">\n\t\t\t\t\t<div class=\"e-con-inner\">\n\t\t\t\t<div class=\"elementor-element elementor-element-b64f417 elementor-widget elementor-widget-heading\" data-id=\"b64f417\" data-element_type=\"widget\" data-e-type=\"widget\" data-widget_type=\"heading.default\">\n\t\t\t\t\t<h2 class=\"elementor-heading-title elementor-size-default\">Vis\u00edtanos en Central de Abastos.<br>San Juan del R\u00edo, Quer\u00e9taro.<\/h2>\t\t\t\t<\/div>\n\t\t\t\t\t<\/div>\n\t\t\t\t<\/div>\n\t\t<div class=\"elementor-element elementor-element-2a8ae0f e-flex e-con-boxed e-con e-parent\" data-id=\"2a8ae0f\" data-element_type=\"container\" data-e-type=\"container\">\n\t\t\t\t\t<div class=\"e-con-inner\">\n\t\t\t\t<div class=\"elementor-element elementor-element-ace9b56 elementor-widget elementor-widget-heading\" data-id=\"ace9b56\" data-element_type=\"widget\" data-e-type=\"widget\" data-widget_type=\"heading.default\">\n\t\t\t\t\t<h3 class=\"elementor-heading-title elementor-size-default\">De lunes a s\u00e1bado, de 6:00 a 15:00 hrs.<\/h3>\t\t\t\t<\/div>\n\t\t\t\t\t<\/div>\n\t\t\t\t<\/div>\n\t\t<div class=\"elementor-element elementor-element-853f537 e-flex e-con-boxed e-con e-parent\" data-id=\"853f537\" data-element_type=\"container\" data-e-type=\"container\">\n\t\t\t\t\t<div class=\"e-con-inner\">\n\t\t\t\t<div class=\"elementor-element elementor-element-271a9a2 elementor-widget elementor-widget-spacer\" data-id=\"271a9a2\" data-element_type=\"widget\" data-e-type=\"widget\" data-widget_type=\"spacer.default\">\n\t\t\t\t\t\t\t<div class=\"elementor-spacer\">\n\t\t\t<div class=\"elementor-spacer-inner\"><\/div>\n\t\t<\/div>\n\t\t\t\t\t\t<\/div>\n\t\t\t\t\t<\/div>\n\t\t\t\t<\/div>\n\t\t<div class=\"elementor-element elementor-element-743e27a e-flex e-con-boxed e-con e-parent\" data-id=\"743e27a\" data-element_type=\"container\" data-e-type=\"container\">\n\t\t\t\t\t<div class=\"e-con-inner\">\n\t\t\t\t<div class=\"elementor-element elementor-element-19e8f52 animated-slow elementor-invisible elementor-widget elementor-widget-google_maps\" data-id=\"19e8f52\" data-element_type=\"widget\" data-e-type=\"widget\" data-settings=\"{&quot;_animation&quot;:&quot;fadeInUp&quot;}\" data-widget_type=\"google_maps.default\">\n\t\t\t\t\t\t\t<div class=\"elementor-custom-embed\">\n\t\t\t<iframe loading=\"lazy\"\n\t\t\t\t\tsrc=\"https:\/\/maps.google.com\/maps?q=CARRETERA%2057%20KM%20167%20ENTRE%20LOMA%20LINDA%2C%20Y%20ESTANCIA%2C%2076824%20La%20Estancia%2C%20Qro.&#038;t=m&#038;z=12&#038;output=embed&#038;iwloc=near\"\n\t\t\t\t\ttitle=\"CARRETERA 57 KM 167 ENTRE LOMA LINDA, Y ESTANCIA, 76824 La Estancia, Qro.\"\n\t\t\t\t\taria-label=\"CARRETERA 57 KM 167 ENTRE LOMA LINDA, Y ESTANCIA, 76824 La Estancia, Qro.\"\n\t\t\t><\/iframe>\n\t\t<\/div>\n\t\t\t\t\t\t<\/div>\n\t\t\t\t\t<\/div>\n\t\t\t\t<\/div>\n\t\t<div class=\"elementor-element elementor-element-fc45134 e-flex e-con-boxed e-con e-parent\" data-id=\"fc45134\" data-element_type=\"container\" data-e-type=\"container\">\n\t\t\t\t\t<div class=\"e-con-inner\">\n\t\t\t\t<div class=\"elementor-element elementor-element-4ec1b5d elementor-widget elementor-widget-spacer\" data-id=\"4ec1b5d\" data-element_type=\"widget\" data-e-type=\"widget\" data-widget_type=\"spacer.default\">\n\t\t\t\t\t\t\t<div class=\"elementor-spacer\">\n\t\t\t<div class=\"elementor-spacer-inner\"><\/div>\n\t\t<\/div>\n\t\t\t\t\t\t<\/div>\n\t\t\t\t\t<\/div>\n\t\t\t\t<\/div>\n\t\t\t\t<\/div>\n\t\t","protected":false},"excerpt":{"rendered":"<p>SAN JUAN DEL R\u00cdO, QUER\u00c9TARO. El distribuidor de ProductosAgr\u00edcolas para Negocios. Somos una empresa dedicada a la comercializaci\u00f3n de productos agr\u00edcolas de la m\u00e1s alta calidad, especializada enla compra y venta de granos, semillas, chiles secos, frutos secos y otros productos esenciales para negocios. Cuidamos que la experiencia de comprasea segura, agradable y personalizada. Frijol &hellip; <\/p>\n<p class=\"link-more\"><a href=\"http:\/\/deherencia.mx\/\" class=\"more-link\">Leer m\u00e1s<span class=\"screen-reader-text\"> \u00abHome\u00bb<\/span><\/a><\/p>\n","protected":false},"author":1,"featured_media":0,"parent":0,"menu_order":0,"comment_status":"closed","ping_status":"closed","template":"","meta":{"inspiro_hide_title":true,"footnotes":""},"class_list":["post-50","page","type-page","status-publish","hentry"],"_links":{"self":[{"href":"http:\/\/deherencia.mx\/index.php?rest_route=\/wp\/v2\/pages\/50","targetHints":{"allow":["GET"]}}],"collection":[{"href":"http:\/\/deherencia.mx\/index.php?rest_route=\/wp\/v2\/pages"}],"about":[{"href":"http:\/\/deherencia.mx\/index.php?rest_route=\/wp\/v2\/types\/page"}],"author":[{"embeddable":true,"href":"http:\/\/deherencia.mx\/index.php?rest_route=\/wp\/v2\/users\/1"}],"replies":[{"embeddable":true,"href":"http:\/\/deherencia.mx\/index.php?rest_route=%2Fwp%2Fv2%2Fcomments&post=50"}],"version-history":[{"count":123,"href":"http:\/\/deherencia.mx\/index.php?rest_route=\/wp\/v2\/pages\/50\/revisions"}],"predecessor-version":[{"id":476,"href":"http:\/\/deherencia.mx\/index.php?rest_route=\/wp\/v2\/pages\/50\/revisions\/476"}],"wp:attachment":[{"href":"http:\/\/deherencia.mx\/index.php?rest_route=%2Fwp%2Fv2%2Fmedia&parent=50"}],"curies":[{"name":"wp","href":"https:\/\/api.w.org\/{rel}","templated":true}]}}