{"id":59,"date":"2026-04-10T20:08:19","date_gmt":"2026-04-10T20:08:19","guid":{"rendered":"http:\/\/deherencia.mx\/?page_id=59"},"modified":"2026-04-14T00:33:38","modified_gmt":"2026-04-14T00:33:38","slug":"contacto","status":"publish","type":"page","link":"http:\/\/deherencia.mx\/?page_id=59","title":{"rendered":"Contacto"},"content":{"rendered":"\t\t<div data-elementor-type=\"wp-page\" data-elementor-id=\"59\" class=\"elementor elementor-59\">\n\t\t\t\t<div class=\"elementor-element elementor-element-8b5277b e-flex e-con-boxed elementor-invisible e-con e-parent\" data-id=\"8b5277b\" data-element_type=\"container\" data-e-type=\"container\" data-settings=\"{&quot;animation&quot;:&quot;fadeInDown&quot;}\">\n\t\t\t\t\t<div class=\"e-con-inner\">\n\t\t\t\t<div class=\"elementor-element elementor-element-fb42082 elementor-widget elementor-widget-image\" data-id=\"fb42082\" data-element_type=\"widget\" data-e-type=\"widget\" data-widget_type=\"image.default\">\n\t\t\t\t\t\t\t\t\t\t\t\t\t\t\t<img decoding=\"async\" width=\"217\" height=\"189\" src=\"http:\/\/deherencia.mx\/wp-content\/uploads\/2026\/04\/De-Herencia-Logo.png\" class=\"attachment-large size-large wp-image-177\" alt=\"\" sizes=\"100vw\" \/>\t\t\t\t\t\t\t\t\t\t\t\t\t\t\t<\/div>\n\t\t\t\t\t<\/div>\n\t\t\t\t<\/div>\n\t\t<div class=\"elementor-element elementor-element-d04bb42 e-flex e-con-boxed e-con e-parent\" data-id=\"d04bb42\" data-element_type=\"container\" data-e-type=\"container\">\n\t\t\t\t\t<div class=\"e-con-inner\">\n\t\t\t\t<div class=\"elementor-element elementor-element-f294742 elementor-widget elementor-widget-spacer\" data-id=\"f294742\" data-element_type=\"widget\" data-e-type=\"widget\" data-widget_type=\"spacer.default\">\n\t\t\t\t\t\t\t<div class=\"elementor-spacer\">\n\t\t\t<div class=\"elementor-spacer-inner\"><\/div>\n\t\t<\/div>\n\t\t\t\t\t\t<\/div>\n\t\t\t\t\t<\/div>\n\t\t\t\t<\/div>\n\t\t<div class=\"elementor-element elementor-element-4be8124 e-flex e-con-boxed e-con e-parent\" data-id=\"4be8124\" data-element_type=\"container\" data-e-type=\"container\">\n\t\t\t\t\t<div class=\"e-con-inner\">\n\t\t<div class=\"elementor-element elementor-element-d9c6273 e-con-full e-flex e-con e-child\" data-id=\"d9c6273\" data-element_type=\"container\" data-e-type=\"container\">\n\t\t\t\t<div class=\"elementor-element elementor-element-7e93ac5 elementor-widget elementor-widget-image\" data-id=\"7e93ac5\" data-element_type=\"widget\" data-e-type=\"widget\" data-widget_type=\"image.default\">\n\t\t\t\t\t\t\t\t\t\t\t\t\t\t\t<img fetchpriority=\"high\" decoding=\"async\" width=\"950\" height=\"656\" src=\"http:\/\/deherencia.mx\/wp-content\/uploads\/2026\/04\/Contacto-De-Herencia-1024x707.png\" class=\"attachment-large size-large wp-image-421\" alt=\"\" srcset=\"http:\/\/deherencia.mx\/wp-content\/uploads\/2026\/04\/Contacto-De-Herencia-1024x707.png 1024w, http:\/\/deherencia.mx\/wp-content\/uploads\/2026\/04\/Contacto-De-Herencia-300x207.png 300w, http:\/\/deherencia.mx\/wp-content\/uploads\/2026\/04\/Contacto-De-Herencia-2000x1381.png 2000w, http:\/\/deherencia.mx\/wp-content\/uploads\/2026\/04\/Contacto-De-Herencia-370x255.png 370w, http:\/\/deherencia.mx\/wp-content\/uploads\/2026\/04\/Contacto-De-Herencia-1536x1060.png 1536w, http:\/\/deherencia.mx\/wp-content\/uploads\/2026\/04\/Contacto-De-Herencia-2048x1414.png 2048w, http:\/\/deherencia.mx\/wp-content\/uploads\/2026\/04\/Contacto-De-Herencia-760x525.png 760w\" sizes=\"100vw\" \/>\t\t\t\t\t\t\t\t\t\t\t\t\t\t\t<\/div>\n\t\t\t\t<\/div>\n\t\t<div class=\"elementor-element elementor-element-0c99d0f e-con-full e-flex e-con e-child\" data-id=\"0c99d0f\" data-element_type=\"container\" data-e-type=\"container\">\n\t\t\t\t<div class=\"elementor-element elementor-element-994e81b elementor-widget elementor-widget-text-editor\" data-id=\"994e81b\" data-element_type=\"widget\" data-e-type=\"widget\" data-widget_type=\"text-editor.default\">\n\t\t\t\t\t\t\t\t\t<h1><b>Cont\u00e1ctanos<\/b><\/h1>\n<p>Estamos listos para ser tu aliado en el suministro de productos agr\u00edcolas de alta calidad. Ya sea que busques informaci\u00f3n, una cotizaci\u00f3n o asesor\u00eda personalizada, nuestro equipo est\u00e1 aqu\u00ed para ayudarte a encontrar la mejor soluci\u00f3n para tu negocio.<\/p>\n<p>Ponte en contacto con nosotros y hagamos crecer juntos tu operaci\u00f3n.<\/p>\t\t\t\t\t\t\t\t<\/div>\n\t\t\t\t<\/div>\n\t\t\t\t\t<\/div>\n\t\t\t\t<\/div>\n\t\t<div class=\"elementor-element elementor-element-5ab8502 e-flex e-con-boxed e-con e-parent\" data-id=\"5ab8502\" data-element_type=\"container\" data-e-type=\"container\">\n\t\t\t\t\t<div class=\"e-con-inner\">\n\t\t\t\t<div class=\"elementor-element elementor-element-36fa4e1 elementor-widget elementor-widget-spacer\" data-id=\"36fa4e1\" data-element_type=\"widget\" data-e-type=\"widget\" data-widget_type=\"spacer.default\">\n\t\t\t\t\t\t\t<div class=\"elementor-spacer\">\n\t\t\t<div class=\"elementor-spacer-inner\"><\/div>\n\t\t<\/div>\n\t\t\t\t\t\t<\/div>\n\t\t\t\t\t<\/div>\n\t\t\t\t<\/div>\n\t\t<div class=\"elementor-element elementor-element-62733d9 e-flex e-con-boxed elementor-invisible e-con e-parent\" data-id=\"62733d9\" data-element_type=\"container\" data-e-type=\"container\" data-settings=\"{&quot;animation&quot;:&quot;fadeInRight&quot;}\">\n\t\t\t\t\t<div class=\"e-con-inner\">\n\t\t\t\t<div class=\"elementor-element elementor-element-8fb8203 elementor-widget elementor-widget-wpforms\" data-id=\"8fb8203\" data-element_type=\"widget\" data-e-type=\"widget\" data-widget_type=\"wpforms.default\">\n\t\t\t\t<div class=\"elementor-widget-container\">\n\t\t\t\t\t<div class=\"wpforms-container wpforms-container-full wpforms-render-modern\" id=\"wpforms-447\"><form id=\"wpforms-form-447\" class=\"wpforms-validate wpforms-form wpforms-ajax-form\" data-formid=\"447\" method=\"post\" enctype=\"multipart\/form-data\" action=\"\/index.php?rest_route=%2Fwp%2Fv2%2Fpages%2F59\" data-token=\"d382aa104d2f6bc8f0e6a893eace3fdf\" data-token-time=\"1777025247\"><noscript class=\"wpforms-error-noscript\">Por favor, activa JavaScript en tu navegador para completar este formulario.<\/noscript><div id=\"wpforms-error-noscript\" style=\"display: none;\">Por favor, activa JavaScript en tu navegador para completar este formulario.<\/div><div class=\"wpforms-field-container\"><div id=\"wpforms-447-field_1-container\" class=\"wpforms-field wpforms-field-name\" data-field-id=\"1\"><fieldset><legend class=\"wpforms-field-label\">Nombre <span class=\"wpforms-required-label\" aria-hidden=\"true\">*<\/span><\/legend><div class=\"wpforms-field-row wpforms-field-medium\"><div class=\"wpforms-field-row-block wpforms-first wpforms-one-half\"><input type=\"text\" id=\"wpforms-447-field_1\" class=\"wpforms-field-name-first wpforms-field-required\" name=\"wpforms[fields][1][first]\" aria-errormessage=\"wpforms-447-field_1-error\" required><label for=\"wpforms-447-field_1\" class=\"wpforms-field-sublabel after\">Nombre<\/label><\/div><div class=\"wpforms-field-row-block wpforms-one-half\"><input type=\"text\" id=\"wpforms-447-field_1-last\" class=\"wpforms-field-name-last wpforms-field-required\" name=\"wpforms[fields][1][last]\" aria-errormessage=\"wpforms-447-field_1-last-error\" required><label for=\"wpforms-447-field_1-last\" class=\"wpforms-field-sublabel after\">Apellidos<\/label><\/div><\/div><\/fieldset><\/div><div id=\"wpforms-447-field_2-container\" class=\"wpforms-field wpforms-field-email\" data-field-id=\"2\"><label class=\"wpforms-field-label\" for=\"wpforms-447-field_2\">Correo electr\u00f3nico <span class=\"wpforms-required-label\" aria-hidden=\"true\">*<\/span><\/label><input type=\"email\" id=\"wpforms-447-field_2\" class=\"wpforms-field-medium wpforms-field-required\" name=\"wpforms[fields][2]\" spellcheck=\"false\" aria-errormessage=\"wpforms-447-field_2-error\" required><\/div>\t\t<div id=\"wpforms-447-field_3-container\"\n\t\t\tclass=\"wpforms-field wpforms-field-text\"\n\t\t\tdata-field-type=\"text\"\n\t\t\tdata-field-id=\"3\"\n\t\t\t>\n\t\t\t<label class=\"wpforms-field-label\" for=\"wpforms-447-field_3\" >podemos servirte? Tel\u00e9fono<\/label>\n\t\t\t<input type=\"text\" id=\"wpforms-447-field_3\" class=\"wpforms-field-medium\" name=\"wpforms[fields][3]\" >\n\t\t<\/div>\n\t\t<div id=\"wpforms-447-field_4-container\" class=\"wpforms-field wpforms-field-number\" data-field-id=\"4\"><label class=\"wpforms-field-label\" for=\"wpforms-447-field_4\">Tel\u00e9fono \/ Celular <span class=\"wpforms-required-label\" aria-hidden=\"true\">*<\/span><\/label><input type=\"number\" id=\"wpforms-447-field_4\" class=\"wpforms-field-medium wpforms-field-required\" name=\"wpforms[fields][4]\" step=\"any\" aria-errormessage=\"wpforms-447-field_4-error\" required><\/div><div id=\"wpforms-447-field_8-container\" class=\"wpforms-field wpforms-field-textarea\" data-field-id=\"8\"><label class=\"wpforms-field-label\" for=\"wpforms-447-field_8\">\u00bfEn qu\u00e9 podemos servirte? <span class=\"wpforms-required-label\" aria-hidden=\"true\">*<\/span><\/label><textarea id=\"wpforms-447-field_8\" class=\"wpforms-field-medium wpforms-field-required\" name=\"wpforms[fields][8]\" aria-errormessage=\"wpforms-447-field_8-error\" required><\/textarea><\/div><script>\n\t\t\t\t( function() {\n\t\t\t\t\tconst style = document.createElement( 'style' );\n\t\t\t\t\tstyle.appendChild( document.createTextNode( '#wpforms-447-field_3-container { position: absolute !important; overflow: hidden !important; display: inline !important; height: 1px !important; width: 1px !important; z-index: -1000 !important; padding: 0 !important; } #wpforms-447-field_3-container input { visibility: hidden; } #wpforms-conversational-form-page #wpforms-447-field_3-container label { counter-increment: none; }' ) );\n\t\t\t\t\tdocument.head.appendChild( style );\n\t\t\t\t\tdocument.currentScript?.remove();\n\t\t\t\t} )();\n\t\t\t<\/script><\/div><!-- .wpforms-field-container --><div class=\"wpforms-submit-container\" ><input type=\"hidden\" name=\"wpforms[id]\" value=\"447\"><input type=\"hidden\" name=\"page_title\" value=\"\"><input type=\"hidden\" name=\"page_url\" value=\"http:\/\/deherencia.mx\/index.php?rest_route=\/wp\/v2\/pages\/59\"><input type=\"hidden\" name=\"url_referer\" value=\"\"><button type=\"submit\" name=\"wpforms[submit]\" id=\"wpforms-submit-447\" class=\"wpforms-submit\" data-alt-text=\"Enviando...\" data-submit-text=\"Enviar\" aria-live=\"assertive\" value=\"wpforms-submit\">Enviar<\/button><img decoding=\"async\" src=\"http:\/\/deherencia.mx\/wp-content\/plugins\/wpforms-lite\/assets\/images\/submit-spin.svg\" class=\"wpforms-submit-spinner\" style=\"display: none;\" width=\"26\" height=\"26\" alt=\"Cargando\"><\/div><\/form><\/div>  <!-- .wpforms-container -->\t\t\t\t<\/div>\n\t\t\t\t<\/div>\n\t\t\t\t\t<\/div>\n\t\t\t\t<\/div>\n\t\t<div class=\"elementor-element elementor-element-067f982 e-flex e-con-boxed e-con e-parent\" data-id=\"067f982\" data-element_type=\"container\" data-e-type=\"container\">\n\t\t\t\t\t<div class=\"e-con-inner\">\n\t\t\t\t<div class=\"elementor-element elementor-element-7145700 elementor-widget elementor-widget-spacer\" data-id=\"7145700\" data-element_type=\"widget\" data-e-type=\"widget\" data-widget_type=\"spacer.default\">\n\t\t\t\t\t\t\t<div class=\"elementor-spacer\">\n\t\t\t<div class=\"elementor-spacer-inner\"><\/div>\n\t\t<\/div>\n\t\t\t\t\t\t<\/div>\n\t\t\t\t\t<\/div>\n\t\t\t\t<\/div>\n\t\t<div class=\"elementor-element elementor-element-41d6836 e-flex e-con-boxed e-con e-parent\" data-id=\"41d6836\" data-element_type=\"container\" data-e-type=\"container\">\n\t\t\t\t\t<div class=\"e-con-inner\">\n\t\t<div class=\"elementor-element elementor-element-4e39726 e-con-full e-flex e-con e-child\" data-id=\"4e39726\" data-element_type=\"container\" data-e-type=\"container\">\n\t\t\t\t<div class=\"elementor-element elementor-element-7a6d74e animated-slow elementor-invisible elementor-widget elementor-widget-google_maps\" data-id=\"7a6d74e\" data-element_type=\"widget\" data-e-type=\"widget\" data-settings=\"{&quot;_animation&quot;:&quot;fadeInUp&quot;}\" data-widget_type=\"google_maps.default\">\n\t\t\t\t\t\t\t<div class=\"elementor-custom-embed\">\n\t\t\t<iframe loading=\"lazy\"\n\t\t\t\t\tsrc=\"https:\/\/maps.google.com\/maps?q=CARRETERA%2057%20KM%20167%20ENTRE%20LOMA%20LINDA%2C%20Y%20ESTANCIA%2C%2076824%20La%20Estancia%2C%20Qro.&#038;t=m&#038;z=12&#038;output=embed&#038;iwloc=near\"\n\t\t\t\t\ttitle=\"CARRETERA 57 KM 167 ENTRE LOMA LINDA, Y ESTANCIA, 76824 La Estancia, Qro.\"\n\t\t\t\t\taria-label=\"CARRETERA 57 KM 167 ENTRE LOMA LINDA, Y ESTANCIA, 76824 La Estancia, Qro.\"\n\t\t\t><\/iframe>\n\t\t<\/div>\n\t\t\t\t\t\t<\/div>\n\t\t\t\t<\/div>\n\t\t\t\t\t<\/div>\n\t\t\t\t<\/div>\n\t\t<div class=\"elementor-element elementor-element-6646dee e-flex e-con-boxed e-con e-parent\" data-id=\"6646dee\" data-element_type=\"container\" data-e-type=\"container\">\n\t\t\t\t\t<div class=\"e-con-inner\">\n\t\t\t\t<div class=\"elementor-element elementor-element-9cbf803 elementor-widget elementor-widget-spacer\" data-id=\"9cbf803\" data-element_type=\"widget\" data-e-type=\"widget\" data-widget_type=\"spacer.default\">\n\t\t\t\t\t\t\t<div class=\"elementor-spacer\">\n\t\t\t<div class=\"elementor-spacer-inner\"><\/div>\n\t\t<\/div>\n\t\t\t\t\t\t<\/div>\n\t\t\t\t\t<\/div>\n\t\t\t\t<\/div>\n\t\t\t\t<\/div>\n\t\t","protected":false},"excerpt":{"rendered":"<p>Cont\u00e1ctanos Estamos listos para ser tu aliado en el suministro de productos agr\u00edcolas de alta calidad. Ya sea que busques informaci\u00f3n, una cotizaci\u00f3n o asesor\u00eda personalizada, nuestro equipo est\u00e1 aqu\u00ed para ayudarte a encontrar la mejor soluci\u00f3n para tu negocio. Ponte en contacto con nosotros y hagamos crecer juntos tu operaci\u00f3n. Por favor, activa JavaScript &hellip; <\/p>\n<p class=\"link-more\"><a href=\"http:\/\/deherencia.mx\/?page_id=59\" class=\"more-link\">Leer m\u00e1s<span class=\"screen-reader-text\"> \u00abContacto\u00bb<\/span><\/a><\/p>\n","protected":false},"author":1,"featured_media":0,"parent":0,"menu_order":0,"comment_status":"closed","ping_status":"closed","template":"","meta":{"inspiro_hide_title":true,"footnotes":""},"class_list":["post-59","page","type-page","status-publish","hentry"],"_links":{"self":[{"href":"http:\/\/deherencia.mx\/index.php?rest_route=\/wp\/v2\/pages\/59","targetHints":{"allow":["GET"]}}],"collection":[{"href":"http:\/\/deherencia.mx\/index.php?rest_route=\/wp\/v2\/pages"}],"about":[{"href":"http:\/\/deherencia.mx\/index.php?rest_route=\/wp\/v2\/types\/page"}],"author":[{"embeddable":true,"href":"http:\/\/deherencia.mx\/index.php?rest_route=\/wp\/v2\/users\/1"}],"replies":[{"embeddable":true,"href":"http:\/\/deherencia.mx\/index.php?rest_route=%2Fwp%2Fv2%2Fcomments&post=59"}],"version-history":[{"count":33,"href":"http:\/\/deherencia.mx\/index.php?rest_route=\/wp\/v2\/pages\/59\/revisions"}],"predecessor-version":[{"id":462,"href":"http:\/\/deherencia.mx\/index.php?rest_route=\/wp\/v2\/pages\/59\/revisions\/462"}],"wp:attachment":[{"href":"http:\/\/deherencia.mx\/index.php?rest_route=%2Fwp%2Fv2%2Fmedia&parent=59"}],"curies":[{"name":"wp","href":"https:\/\/api.w.org\/{rel}","templated":true}]}}